{"id":548,"date":"2022-08-10T15:39:52","date_gmt":"2022-08-10T19:39:52","guid":{"rendered":"https:\/\/campsiitestudy.com\/termos-e-condicoes\/"},"modified":"2023-06-06T15:17:21","modified_gmt":"2023-06-06T19:17:21","slug":"termos-e-condicoes","status":"publish","type":"page","link":"https:\/\/campsiitestudy.com\/pt-br\/termos-e-condicoes\/","title":{"rendered":"TERMOS E CONDI\u00c7\u00d5ES"},"content":{"rendered":"\t\t<div data-elementor-type=\"wp-page\" data-elementor-id=\"548\" class=\"elementor elementor-548 elementor-106\" data-elementor-post-type=\"page\">\n\t\t\t\t\t\t<section class=\"elementor-section elementor-top-section elementor-element elementor-element-4068dfe elementor-section-boxed elementor-section-height-default elementor-section-height-default\" data-id=\"4068dfe\" data-element_type=\"section\" data-e-type=\"section\">\n\t\t\t\t\t\t<div class=\"elementor-container elementor-column-gap-default\">\n\t\t\t\t\t<div class=\"elementor-column elementor-col-100 elementor-top-column elementor-element elementor-element-8642ba0\" data-id=\"8642ba0\" data-element_type=\"column\" data-e-type=\"column\">\n\t\t\t<div class=\"elementor-widget-wrap elementor-element-populated\">\n\t\t\t\t\t\t<div class=\"elementor-element elementor-element-0e6b579 elementor-widget elementor-widget-shortcode\" data-id=\"0e6b579\" data-element_type=\"widget\" data-e-type=\"widget\" data-widget_type=\"shortcode.default\">\n\t\t\t\t<div class=\"elementor-widget-container\">\n\t\t\t\t\t<div class=\"breadcrumb\" role=\"navigation\" aria-label=\"breadcrumbs\"><div class=\"wrap\"><span class=\"breadcrumb-link-wrap\"><a class=\"breadcrumb-link\" href=\"https:\/\/campsiitestudy.com\/pt-br\/\"><span class=\"breadcrumb-link-text-wrap\"><i class=\"fa-solid fa-tent\"><\/i><span class=\"screen-reader-text\">Home<\/span><\/span><\/a><meta ><\/span><\/div><\/div>\t\t<div class=\"elementor-shortcode\"><\/div>\n\t\t\t\t\t\t<\/div>\n\t\t\t\t<\/div>\n\t\t\t\t<div class=\"elementor-element elementor-element-26380cf elementor-widget elementor-widget-text-editor\" data-id=\"26380cf\" data-element_type=\"widget\" data-e-type=\"widget\" data-widget_type=\"text-editor.default\">\n\t\t\t\t<div class=\"elementor-widget-container\">\n\t\t\t\t\t\t\t\t\t<h2>ACEITA\u00c7\u00c3O DOS TERMOS.<\/h2>\n<p>Os seguintes termos e condi\u00e7\u00f5es regem todo o uso do site campsiitestudy.com (o \u201cSite\u201d). REGENXBIO Inc. (&#8220;REGENXBIO&#8221;) oferece este Site sujeito \u00e0 sua aceita\u00e7\u00e3o sem modifica\u00e7\u00e3o de todos os termos e condi\u00e7\u00f5es contidos neste instrumento e todas as outras regras operacionais, pol\u00edticas e procedimentos que podem ser publicados de tempos em tempos no Site pela REGENXBIO (coletivamente, os \u201cTermos de Uso\u201d). <\/p>\n<p>SE N\u00c3O CONCORDAR COM TODOS ESTES TERMOS DE USO, N\u00c3O ACESSE OU USE O SITE. AO VISUALIZAR O SITE, VOC\u00ca CONCORDA EM ESTAR VINCULADO(A) A TODOS ESTES TERMOS DE USO. <\/p>\n<p>Ao usar o Site, voc\u00ea declara ter no m\u00ednimo 18 (dezoito) anos de idade.<\/p>\n<h2>OS SERVI\u00c7OS.<\/h2>\n<p>No Site, voc\u00ea pode (i) visualizar informa\u00e7\u00f5es gerais sobre a REGENXBIO, inclusive, sem limita\u00e7\u00e3o, seus estudos cl\u00ednicos, terapias g\u00eanicas em investiga\u00e7\u00e3o, produtos e servi\u00e7os, (ii) a seu crit\u00e9rio, solicitar (e a REGENXBIO poder\u00e1 fornecer) informa\u00e7\u00f5es adicionais sobre a REGENXBIO ou os estudos cl\u00ednicos MPS II, ou (iii) assinar v\u00e1rios servi\u00e7os de informa\u00e7\u00e3o (na medida em que esses servi\u00e7os de informa\u00e7\u00e3o sejam oferecidos no Site) sobre os estudos cl\u00ednicos, terapias g\u00eanicas investigativas, produtos, servi\u00e7os e neg\u00f3cios da REGENXBIO (coletivamente, os \u201cServi\u00e7os\u201d).   <\/p>\n<h2>ALTERA\u00c7\u00d5ES.<\/h2>\n<p>A REGENXBIO se reserva o direito, a seu crit\u00e9rio exclusivo, de modificar ou substituir qualquer um destes Termos de Uso a qualquer momento. \u00c9 sua responsabilidade verificar os Termos de Uso periodicamente quanto a altera\u00e7\u00f5es. Seu uso continuado do Site ap\u00f3s a publica\u00e7\u00e3o de quaisquer altera\u00e7\u00f5es nos Termos de Uso constitui a aceita\u00e7\u00e3o dessas altera\u00e7\u00f5es.  <\/p>\n<h2>REGRAS E CONDUTA.<\/h2>\n<p>Como condi\u00e7\u00e3o de uso, voc\u00ea se compromete a n\u00e3o usar o Site para qualquer objetivo que seja ilegal ou proibido por estes Termos de Uso, ou qualquer outro objetivo n\u00e3o razoavelmente pretendido pela REGENXBIO. Voc\u00ea concorda em estar em conformidade com todas as leis e regula\u00e7\u00f5es locais, estaduais, nacionais e internacionais aplic\u00e1veis. <\/p>\n<h2>INFORMA\u00c7\u00d5ES M\u00c9DICAS.<\/h2>\n<p>O Site pode conter informa\u00e7\u00f5es gerais relativas \u00e0 MPS II e seu tratamento. Essas informa\u00e7\u00f5es s\u00e3o fornecidas apenas para objetivos informativos e n\u00e3o devem substituir a orienta\u00e7\u00e3o fornecida por um m\u00e9dico ou outro profissional da sa\u00fade qualificado. Voc\u00ea n\u00e3o deve usar as informa\u00e7\u00f5es contidas neste instrumento para diagnosticar um problema de sa\u00fade ou condicionamento f\u00edsico ou doen\u00e7a. Voc\u00ea deve sempre consultar um m\u00e9dico ou outro profissional da sa\u00fade para orienta\u00e7\u00e3o m\u00e9dica ou informa\u00e7\u00f5es sobre diagn\u00f3stico e tratamento.   <\/p>\n<p>Nossos sistemas de informa\u00e7\u00e3o n\u00e3o foram projetados para serem compat\u00edveis com a HIPAA. Embora nosso uso das informa\u00e7\u00f5es que voc\u00ea envia esteja sujeito a estes Termos e Condi\u00e7\u00f5es e nossa Pol\u00edtica de Privacidade, voc\u00ea reconhece que esse uso n\u00e3o foi PROJETADO para estar em conformidade com a HIPAA. Se nos enviar informa\u00e7\u00f5es, n\u00e3o inclua nenhuma informa\u00e7\u00e3o que identifique exclusivamente as informa\u00e7\u00f5es de sa\u00fade de uma pessoa.  <\/p>\n<h2>SUAS INFORMA\u00c7\u00d5ES.<\/h2>\n<p>A pol\u00edtica de privacidade est\u00e1 dispon\u00edvel em <a href=\"https:\/\/campsiitestudy.com\/pt-br\/politica-de-privacidade\/\">campsiitestudy.com<\/a> (a \u201cPol\u00edtica de Privacidade\u201d) e \u00e9 incorporada por esta refer\u00eancia. Sujeito a quaisquer termos e condi\u00e7\u00f5es aplic\u00e1veis estabelecidos em nossa Pol\u00edtica de Privacidade, qualquer comunica\u00e7\u00e3o ou outro material que voc\u00ea nos enviar com rela\u00e7\u00e3o do Site, como perguntas, coment\u00e1rios ou feedback, ser\u00e1 tratado como n\u00e3o confidencial e a REGENXBIO n\u00e3o ter\u00e1 qualquer tipo de obriga\u00e7\u00e3o com respeito a essas informa\u00e7\u00f5es. A REGENXBIO ter\u00e1 a liberdade de usar quaisquer ideias, conceitos, conhecimentos ou t\u00e9cnicas contidas nessa comunica\u00e7\u00e3o para qualquer objetivo, sem remunera\u00e7\u00e3o a voc\u00ea, inclusive, sem limita\u00e7\u00e3o, desenvolvimento, fabrica\u00e7\u00e3o e comercializa\u00e7\u00e3o de produtos. <\/p>\n<h2>DECLARA\u00c7\u00d5ES PROSPECTIVAS.<\/h2>\n<p>O Site pode conter declara\u00e7\u00f5es e informa\u00e7\u00f5es prospectivas relacionadas \u00e0 REGENXBIO baseadas nas cren\u00e7as da REGENXBIO, assim como nas suposi\u00e7\u00f5es feitas por ela e nas informa\u00e7\u00f5es atualmente dispon\u00edveis para ela. As palavras \u201cantecipar\u201d, \u201cacreditar\u201d, \u201cestimar\u201d, \u201cesperar\u201d, \u201cpretender\u201d, \u201cir\u00e1\u201d e express\u00f5es semelhantes, no que se refere a REGENXBIO, s\u00e3o destinadas a identificar declara\u00e7\u00f5es prospectivas. Os resultados reais podem diferir materialmente daqueles projetados nessas declara\u00e7\u00f5es prospectivas. A REGENXBIO n\u00e3o pretende atualizar essas declara\u00e7\u00f5es prospectivas.   <\/p>\n<h2>SITES DE TERCEIROS.<\/h2>\n<p>O Site pode permitir que voc\u00ea se conecte a outros sites na Internet, e outros sites podem conter links para o Site. Esses outros sites n\u00e3o est\u00e3o sob o controle da REGENXBIO, e voc\u00ea reconhece que a REGENXBIO n\u00e3o \u00e9 respons\u00e1vel pela precis\u00e3o, legalidade, adequa\u00e7\u00e3o ou qualquer outro aspecto do conte\u00fado ou fun\u00e7\u00e3o desses sites. A inclus\u00e3o de qualquer link n\u00e3o implica endosso da REGENXBIO ou qualquer associa\u00e7\u00e3o com seus operadores.  <\/p>\n<h2>DIREITOS DE PROPRIEDADE.<\/h2>\n<p>Voc\u00ea concorda que todo o conte\u00fado e materiais entregues atrav\u00e9s do Site e dos Servi\u00e7os ou de outra forma disponibilizados pela REGENXBIO no Site s\u00e3o protegidos por direitos de autor, marcas comerciais, marcas de servi\u00e7o, patentes, segredos comerciais ou outros direitos e leis de propriedade e de propriedade da REGENXBIO e seus licenciadores. Salvo conforme expressamente autorizado pela REGENXBIO por escrito, voc\u00ea concorda em n\u00e3o vender, licenciar, alugar, modificar, distribuir, copiar, reproduzir, transmitir, exibir publicamente, executar publicamente, publicar, adaptar, editar ou criar trabalhos derivados desses materiais ou conte\u00fado. No entanto, voc\u00ea pode imprimir ou fazer o download de um n\u00famero razo\u00e1vel de c\u00f3pias dos materiais ou conte\u00fado do Site para objetivos pessoais ou comerciais internos; contanto que voc\u00ea detenha todos os direitos de autor e outros avisos de propriedade contidos nele.  <\/p>\n<h2>SEM GARANTIAS.<\/h2>\n<p>O SITE E TODOS OS MATERIAIS, INFORMA\u00c7\u00d5ES, SOFTWARE, PRODUTOS E SERVI\u00c7OS INCLU\u00cdDOS OU DISPONIBILIZADOS ATRAV\u00c9S DO SITE (O \u201cCONTE\u00daDO\u201d) S\u00c3O FORNECIDOS \u201cCOMO EST\u00c3O\u201d E \u201cCONFORME DISPON\u00cdVEIS\u201d. O SITE, OS SERVI\u00c7OS E O CONTE\u00daDO S\u00c3O FORNECIDOS SEM GARANTIA DE QUALQUER TIPO, EXPRESSA OU IMPL\u00cdCITA, INCLUSIVE, SEM LIMITA\u00c7\u00c3O, GARANTIAS IMPL\u00cdCITAS DE T\u00cdTULO, N\u00c3O VIOLA\u00c7\u00c3O, COMERCIALIZA\u00c7\u00c3O E ADEQUA\u00c7\u00c3O A UM DETERMINADO OBJETIVO E QUAISQUER GARANTIAS IMPL\u00cdCITAS POR QUALQUER DESEMPENHO OU USO DE COM\u00c9RCIO, TODOS OS QUAIS S\u00c3O EXPRESSAMENTE RENUNCIADOS. A REGENXBIO E SUAS AFILIADAS, LICENCIADORES E FORNECEDORES N\u00c3O GARANTEM QUE: (A) O CONTE\u00daDO \u00c9 FORNECIDO EM TEMPO H\u00c1BIL, \u00c9 EXATO, COMPLETO, CONFI\u00c1VEL OU CORRETO; (B) O SITE ESTAR\u00c1 SEGURO OU DISPON\u00cdVEL EM QUALQUER MOMENTO OU LOCAL ESPEC\u00cdFICO; (C) QUAISQUER DEFEITOS OU ERROS SER\u00c3O CORRIGIDOS; (D) O CONTE\u00daDO EST\u00c1 LIVRE DE V\u00cdRUS OU OUTROS COMPONENTES NOCIVOS; OU (E) OS RESULTADOS DO USO DO SITE OU DOS SERVI\u00c7OS ATENDER\u00c3O \u00c0S SUAS NECESSIDADES. SEU USO DO SITE E\/OU SERVI\u00c7OS \u00c9 EXCLUSIVAMENTE POR SUA CONTA E RISCO.        <\/p>\n<h2>LIMITA\u00c7\u00c3O DE RESPONSABILIDADE.<\/h2>\n<p>SALVO NA MEDIDA PROIBIDA PELA LEGISLA\u00c7\u00c3O APLIC\u00c1VEL, EM NENHUMA HIP\u00d3TESE A REGENXBIO (OU SUAS AFILIADAS, LICENCIADORES OU FORNECEDORES) SER\u00c1 RESPONS\u00c1VEL EM RELA\u00c7\u00c3O AO ASSUNTO DESTE CONTRATO, INDEPENDENTEMENTE DA FORMA DE QUALQUER REIVINDICA\u00c7\u00c3O OU A\u00c7\u00c3O (SEJA POR CONTRATO, NEGLIG\u00caNCIA, RESPONSABILIDADE ESTRITA OU DE OUTRA FORMA), PARA QUALQUER (A) ASSUNTO AL\u00c9M DE SEU CONTROLE RAZO\u00c1VEL, (B) PERDA OU INEXATID\u00c3O DE DADOS, PERDA OU INTERRUP\u00c7\u00c3O DE USO OU CUSTO DE AQUISI\u00c7\u00c3O DE TECNOLOGIA, MERCADORIAS OU SERVI\u00c7OS SUBSTITUTOS, OU (C) DANOS DIRETOS EM EXCESSO DE VINTE D\u00d3LARES NO TOTAL, OU INDIRETOS, PUNITIVOS, INCIDENTAIS, DE CONFIAN\u00c7A, ESPECIAIS, EXEMPLARES OU CONSEQUENCIAIS, INCLUSIVE, SEM LIMITA\u00c7\u00c3O, PERDA DE NEG\u00d3CIOS, RECEITAS, LUCROS OU FUNDO DE COM\u00c9RCIO, MESMO SE A REGENXBIO TIVER SIDO AVISADA DA POSSIBILIDADE DESSES DANOS. ESTAS LIMITA\u00c7\u00d5ES S\u00c3O INDEPENDENTES DE TODAS AS OUTRAS DISPOSI\u00c7\u00d5ES DESTE CONTRATO E SER\u00c3O APLIC\u00c1VEIS N\u00c3O OBSTANTE A FALHA DE QUALQUER RECURSO DISPOSTO NESTE INSTRUMENTO.    <\/p>\n<h2>DIVERSOS.<\/h2>\n<p>Estes Termos de Uso ser\u00e3o regidos e interpretados de acordo com as leis do Estado de Maryland, excluindo seus conflitos de normas legais, e dos EUA. Qualquer a\u00e7\u00e3o ou procedimento legal relacionado ao Site devem ser levados exclusivamente a um tribunal federal ou estadual de jurisdi\u00e7\u00e3o competente situado no Estado de Maryland. Se qualquer disposi\u00e7\u00e3o dos Termos de Uso for considerada n\u00e3o aplic\u00e1vel ou inv\u00e1lida, essa disposi\u00e7\u00e3o ser\u00e1 limitada ou eliminada na medida m\u00ednima necess\u00e1ria para que os Termos de Uso permane\u00e7am em pleno vigor e efeito e aplic\u00e1veis. A REGENXBIO pode ceder, transferir ou delegar quaisquer de seus direitos e obriga\u00e7\u00f5es nos termos deste contrato sem consentimento. Todas as ren\u00fancias e modifica\u00e7\u00f5es precisam ser feitas por escrito e assinadas pela REGENXBIO, salvo disposto de outro modo neste documento (inclusive na se\u00e7\u00e3o \u201cAltera\u00e7\u00f5es\u201d acima). Nenhuma ag\u00eancia, parceria, empreendimento conjunto ou rela\u00e7\u00e3o de trabalho \u00e9 criada como resultado deste Contrato e nenhuma das partes tem autoridade de qualquer tipo para vincular a outra parte em qualquer aspecto.     <\/p>\n<h2>AVISOS DE DIREITOS DE AUTOR E MARCAS COMERCIAIS.<\/h2>\n<p>Salvo indicado de outro modo, estes Termos de Uso e todo o Conte\u00fado fornecido pela REGENXBIO s\u00e3o copyright \u00a9 2022 REGENXBIO Inc. Todos os direitos reservados. <\/p>\n<p>REGENXBIO e o logotipo REGENXBIO s\u00e3o marcas comerciais da REGENXBIO Inc. Os nomes de empresas e produtos reais mencionados no Site, se houver, podem ser marcas comerciais de seus respectivos propriet\u00e1rios. <\/p>\n<h2>CONTATO.<\/h2>\n<p>Voc\u00ea pode entrar em contato com a REGENXBIO Inc. no seguinte endere\u00e7o: REGENXBIO Inc., 9804 Medical Center Drive, Rockville, MD 20850, Tel: 240-552-8181, E-mail: <a href=\"mailto:info@regenxbio.com\"><strong>info@regenxbio.com<\/strong><\/a>.<\/p>\t\t\t\t\t\t\t\t<\/div>\n\t\t\t\t<\/div>\n\t\t\t\t\t<\/div>\n\t\t<\/div>\n\t\t\t\t\t<\/div>\n\t\t<\/section>\n\t\t\t\t<\/div>\n\t\t","protected":false},"excerpt":{"rendered":"<p>ACEITA\u00c7\u00c3O DOS TERMOS. Os seguintes termos e condi\u00e7\u00f5es regem todo o uso do site campsiitestudy.com (o \u201cSite\u201d). REGENXBIO Inc. (&#8220;REGENXBIO&#8221;) oferece este Site sujeito \u00e0 sua aceita\u00e7\u00e3o sem modifica\u00e7\u00e3o de todos os termos e condi\u00e7\u00f5es contidos neste instrumento e todas as outras regras operacionais, pol\u00edticas e procedimentos que podem ser publicados de tempos em tempos [&hellip;]<\/p>\n","protected":false},"author":1,"featured_media":0,"parent":0,"menu_order":0,"comment_status":"closed","ping_status":"closed","template":"","meta":{"_genesis_hide_title":false,"_genesis_hide_breadcrumbs":false,"_genesis_hide_singular_image":false,"_genesis_hide_footer_widgets":false,"_genesis_custom_body_class":"legal-page","_genesis_custom_post_class":"","_genesis_layout":"","footnotes":""},"class_list":{"0":"post-548","1":"page","2":"type-page","3":"status-publish","5":"entry"},"yoast_head":"<!-- This site is optimized with the Yoast SEO plugin v27.5 - https:\/\/yoast.com\/product\/yoast-seo-wordpress\/ -->\n<title>TERMOS E CONDI\u00c7\u00d5ES | CAMPSIITE Study<\/title>\n<meta name=\"robots\" content=\"index, follow, max-snippet:-1, max-image-preview:large, max-video-preview:-1\" \/>\n<link rel=\"canonical\" href=\"https:\/\/campsiitestudy.com\/pt-br\/termos-e-condicoes\/\" \/>\n<meta property=\"og:locale\" content=\"pt_BR\" \/>\n<meta property=\"og:type\" content=\"article\" \/>\n<meta property=\"og:title\" content=\"TERMOS E CONDI\u00c7\u00d5ES | CAMPSIITE Study\" \/>\n<meta property=\"og:description\" content=\"ACEITA\u00c7\u00c3O DOS TERMOS. Os seguintes termos e condi\u00e7\u00f5es regem todo o uso do site campsiitestudy.com (o \u201cSite\u201d). REGENXBIO Inc. (&#8220;REGENXBIO&#8221;) oferece este Site sujeito \u00e0 sua aceita\u00e7\u00e3o sem modifica\u00e7\u00e3o de todos os termos e condi\u00e7\u00f5es contidos neste instrumento e todas as outras regras operacionais, pol\u00edticas e procedimentos que podem ser publicados de tempos em tempos [&hellip;]\" \/>\n<meta property=\"og:url\" content=\"https:\/\/campsiitestudy.com\/pt-br\/termos-e-condicoes\/\" \/>\n<meta property=\"og:site_name\" content=\"CAMPSIITE Study\" \/>\n<meta property=\"article:modified_time\" content=\"2023-06-06T19:17:21+00:00\" \/>\n<meta property=\"og:image\" content=\"https:\/\/campsiitestudy.com\/wp-content\/uploads\/2023\/01\/campsiite-share.jpg\" \/>\n\t<meta property=\"og:image:width\" content=\"1200\" \/>\n\t<meta property=\"og:image:height\" content=\"630\" \/>\n\t<meta property=\"og:image:type\" content=\"image\/jpeg\" \/>\n<meta name=\"twitter:card\" content=\"summary_large_image\" \/>\n<meta name=\"twitter:label1\" content=\"Est. tempo de leitura\" \/>\n\t<meta name=\"twitter:data1\" content=\"8 minutos\" \/>\n<script type=\"application\/ld+json\" class=\"yoast-schema-graph\">{\"@context\":\"https:\\\/\\\/schema.org\",\"@graph\":[{\"@type\":\"WebPage\",\"@id\":\"https:\\\/\\\/campsiitestudy.com\\\/pt-br\\\/termos-e-condicoes\\\/\",\"url\":\"https:\\\/\\\/campsiitestudy.com\\\/pt-br\\\/termos-e-condicoes\\\/\",\"name\":\"TERMOS E CONDI\u00c7\u00d5ES | CAMPSIITE Study\",\"isPartOf\":{\"@id\":\"https:\\\/\\\/campsiitestudy.com\\\/pt-br\\\/#website\"},\"datePublished\":\"2022-08-10T19:39:52+00:00\",\"dateModified\":\"2023-06-06T19:17:21+00:00\",\"breadcrumb\":{\"@id\":\"https:\\\/\\\/campsiitestudy.com\\\/pt-br\\\/termos-e-condicoes\\\/#breadcrumb\"},\"inLanguage\":\"pt-BR\",\"potentialAction\":[{\"@type\":\"ReadAction\",\"target\":[\"https:\\\/\\\/campsiitestudy.com\\\/pt-br\\\/termos-e-condicoes\\\/\"]}]},{\"@type\":\"BreadcrumbList\",\"@id\":\"https:\\\/\\\/campsiitestudy.com\\\/pt-br\\\/termos-e-condicoes\\\/#breadcrumb\",\"itemListElement\":[{\"@type\":\"ListItem\",\"position\":1,\"name\":\"Home\",\"item\":\"https:\\\/\\\/campsiitestudy.com\\\/pt-br\\\/\"},{\"@type\":\"ListItem\",\"position\":2,\"name\":\"TERMOS E CONDI\u00c7\u00d5ES\"}]},{\"@type\":\"WebSite\",\"@id\":\"https:\\\/\\\/campsiitestudy.com\\\/pt-br\\\/#website\",\"url\":\"https:\\\/\\\/campsiitestudy.com\\\/pt-br\\\/\",\"name\":\"CAMPSIITE Study\",\"description\":\"\",\"publisher\":{\"@id\":\"https:\\\/\\\/campsiitestudy.com\\\/pt-br\\\/#organization\"},\"potentialAction\":[{\"@type\":\"SearchAction\",\"target\":{\"@type\":\"EntryPoint\",\"urlTemplate\":\"https:\\\/\\\/campsiitestudy.com\\\/pt-br\\\/?s={search_term_string}\"},\"query-input\":{\"@type\":\"PropertyValueSpecification\",\"valueRequired\":true,\"valueName\":\"search_term_string\"}}],\"inLanguage\":\"pt-BR\"},{\"@type\":\"Organization\",\"@id\":\"https:\\\/\\\/campsiitestudy.com\\\/pt-br\\\/#organization\",\"name\":\"CAMPSIITE Study\",\"url\":\"https:\\\/\\\/campsiitestudy.com\\\/pt-br\\\/\",\"logo\":{\"@type\":\"ImageObject\",\"inLanguage\":\"pt-BR\",\"@id\":\"https:\\\/\\\/campsiitestudy.com\\\/pt-br\\\/#\\\/schema\\\/logo\\\/image\\\/\",\"url\":\"https:\\\/\\\/campsiitestudy.com\\\/wp-content\\\/uploads\\\/2022\\\/08\\\/campsiite_logo_tm.svg\",\"contentUrl\":\"https:\\\/\\\/campsiitestudy.com\\\/wp-content\\\/uploads\\\/2022\\\/08\\\/campsiite_logo_tm.svg\",\"width\":343,\"height\":68,\"caption\":\"CAMPSIITE Study\"},\"image\":{\"@id\":\"https:\\\/\\\/campsiitestudy.com\\\/pt-br\\\/#\\\/schema\\\/logo\\\/image\\\/\"}}]}<\/script>\n<!-- \/ Yoast SEO plugin. -->","yoast_head_json":{"title":"TERMOS E CONDI\u00c7\u00d5ES | CAMPSIITE Study","robots":{"index":"index","follow":"follow","max-snippet":"max-snippet:-1","max-image-preview":"max-image-preview:large","max-video-preview":"max-video-preview:-1"},"canonical":"https:\/\/campsiitestudy.com\/pt-br\/termos-e-condicoes\/","og_locale":"pt_BR","og_type":"article","og_title":"TERMOS E CONDI\u00c7\u00d5ES | CAMPSIITE Study","og_description":"ACEITA\u00c7\u00c3O DOS TERMOS. Os seguintes termos e condi\u00e7\u00f5es regem todo o uso do site campsiitestudy.com (o \u201cSite\u201d). REGENXBIO Inc. (&#8220;REGENXBIO&#8221;) oferece este Site sujeito \u00e0 sua aceita\u00e7\u00e3o sem modifica\u00e7\u00e3o de todos os termos e condi\u00e7\u00f5es contidos neste instrumento e todas as outras regras operacionais, pol\u00edticas e procedimentos que podem ser publicados de tempos em tempos [&hellip;]","og_url":"https:\/\/campsiitestudy.com\/pt-br\/termos-e-condicoes\/","og_site_name":"CAMPSIITE Study","article_modified_time":"2023-06-06T19:17:21+00:00","og_image":[{"width":1200,"height":630,"url":"https:\/\/campsiitestudy.com\/wp-content\/uploads\/2023\/01\/campsiite-share.jpg","type":"image\/jpeg"}],"twitter_card":"summary_large_image","twitter_misc":{"Est. tempo de leitura":"8 minutos"},"schema":{"@context":"https:\/\/schema.org","@graph":[{"@type":"WebPage","@id":"https:\/\/campsiitestudy.com\/pt-br\/termos-e-condicoes\/","url":"https:\/\/campsiitestudy.com\/pt-br\/termos-e-condicoes\/","name":"TERMOS E CONDI\u00c7\u00d5ES | CAMPSIITE Study","isPartOf":{"@id":"https:\/\/campsiitestudy.com\/pt-br\/#website"},"datePublished":"2022-08-10T19:39:52+00:00","dateModified":"2023-06-06T19:17:21+00:00","breadcrumb":{"@id":"https:\/\/campsiitestudy.com\/pt-br\/termos-e-condicoes\/#breadcrumb"},"inLanguage":"pt-BR","potentialAction":[{"@type":"ReadAction","target":["https:\/\/campsiitestudy.com\/pt-br\/termos-e-condicoes\/"]}]},{"@type":"BreadcrumbList","@id":"https:\/\/campsiitestudy.com\/pt-br\/termos-e-condicoes\/#breadcrumb","itemListElement":[{"@type":"ListItem","position":1,"name":"Home","item":"https:\/\/campsiitestudy.com\/pt-br\/"},{"@type":"ListItem","position":2,"name":"TERMOS E CONDI\u00c7\u00d5ES"}]},{"@type":"WebSite","@id":"https:\/\/campsiitestudy.com\/pt-br\/#website","url":"https:\/\/campsiitestudy.com\/pt-br\/","name":"CAMPSIITE Study","description":"","publisher":{"@id":"https:\/\/campsiitestudy.com\/pt-br\/#organization"},"potentialAction":[{"@type":"SearchAction","target":{"@type":"EntryPoint","urlTemplate":"https:\/\/campsiitestudy.com\/pt-br\/?s={search_term_string}"},"query-input":{"@type":"PropertyValueSpecification","valueRequired":true,"valueName":"search_term_string"}}],"inLanguage":"pt-BR"},{"@type":"Organization","@id":"https:\/\/campsiitestudy.com\/pt-br\/#organization","name":"CAMPSIITE Study","url":"https:\/\/campsiitestudy.com\/pt-br\/","logo":{"@type":"ImageObject","inLanguage":"pt-BR","@id":"https:\/\/campsiitestudy.com\/pt-br\/#\/schema\/logo\/image\/","url":"https:\/\/campsiitestudy.com\/wp-content\/uploads\/2022\/08\/campsiite_logo_tm.svg","contentUrl":"https:\/\/campsiitestudy.com\/wp-content\/uploads\/2022\/08\/campsiite_logo_tm.svg","width":343,"height":68,"caption":"CAMPSIITE Study"},"image":{"@id":"https:\/\/campsiitestudy.com\/pt-br\/#\/schema\/logo\/image\/"}}]}},"_links":{"self":[{"href":"https:\/\/campsiitestudy.com\/pt-br\/wp-json\/wp\/v2\/pages\/548","targetHints":{"allow":["GET"]}}],"collection":[{"href":"https:\/\/campsiitestudy.com\/pt-br\/wp-json\/wp\/v2\/pages"}],"about":[{"href":"https:\/\/campsiitestudy.com\/pt-br\/wp-json\/wp\/v2\/types\/page"}],"author":[{"embeddable":true,"href":"https:\/\/campsiitestudy.com\/pt-br\/wp-json\/wp\/v2\/users\/1"}],"replies":[{"embeddable":true,"href":"https:\/\/campsiitestudy.com\/pt-br\/wp-json\/wp\/v2\/comments?post=548"}],"version-history":[{"count":0,"href":"https:\/\/campsiitestudy.com\/pt-br\/wp-json\/wp\/v2\/pages\/548\/revisions"}],"wp:attachment":[{"href":"https:\/\/campsiitestudy.com\/pt-br\/wp-json\/wp\/v2\/media?parent=548"}],"curies":[{"name":"wp","href":"https:\/\/api.w.org\/{rel}","templated":true}]}}